{"id":3718,"date":"2021-03-23T09:03:01","date_gmt":"2021-03-23T09:03:01","guid":{"rendered":"http:\/\/ppcp.cz.uvds32.active24.cz\/?page_id=3718"},"modified":"2021-09-19T14:29:19","modified_gmt":"2021-09-19T14:29:19","slug":"shop","status":"publish","type":"page","link":"https:\/\/ppcp.cz\/en\/biennale\/shop\/","title":{"rendered":"The Book"},"content":{"rendered":"\n<p class=\"gold is-style-gold\">These items can be purchased. Regarding payment and delivery please contact the club secretary Hana Fenclov\u00e1 on fenclova@ppcp.cz. Pick-up can also be arranged on \u0160rob\u00e1rova 2100\/49, 130 00 Praha 3-Vinohrady<\/p>\n\n\n<div class=\"product\">\n    <img decoding=\"async\" src=\"\/wp-content\/themes\/filatelie\/img\/separator-simple.svg\" alt=\"PPCP\" class=\"PageMain-separator\">\n\n    <h2>Catalogue Biennale 2020<\/h2>\n                        <a href=\"https:\/\/ppcp.cz\/wp-content\/uploads\/2021\/04\/Biennale-kniha.jpg\" data-lightbox=\"gallery\" data-title=\"Catalogue Biennale 2020\">\n        <img loading=\"lazy\" decoding=\"async\" width=\"300\" height=\"230\" src=\"https:\/\/ppcp.cz\/wp-content\/uploads\/2021\/04\/Biennale-kniha-300x230.jpg\" class=\"attachment-medium size-medium\" alt=\"\" srcset=\"https:\/\/ppcp.cz\/wp-content\/uploads\/2021\/04\/Biennale-kniha-300x230.jpg 300w, https:\/\/ppcp.cz\/wp-content\/uploads\/2021\/04\/Biennale-kniha-1024x785.jpg 1024w, https:\/\/ppcp.cz\/wp-content\/uploads\/2021\/04\/Biennale-kniha-768x589.jpg 768w, https:\/\/ppcp.cz\/wp-content\/uploads\/2021\/04\/Biennale-kniha-180x138.jpg 180w, https:\/\/ppcp.cz\/wp-content\/uploads\/2021\/04\/Biennale-kniha.jpg 1500w\" sizes=\"auto, (max-width: 300px) 100vw, 300px\" \/>      <\/a>\n                      <a href=\"https:\/\/ppcp.cz\/wp-content\/uploads\/2021\/04\/PPCP-Biennale-2020-katalog-s34-35.jpg\" data-lightbox=\"gallery\" data-title=\"Catalogue Biennale 2020\">\n        <img loading=\"lazy\" decoding=\"async\" width=\"300\" height=\"230\" src=\"https:\/\/ppcp.cz\/wp-content\/uploads\/2021\/04\/PPCP-Biennale-2020-katalog-s34-35-300x230.jpg\" class=\"attachment-medium size-medium\" alt=\"\" srcset=\"https:\/\/ppcp.cz\/wp-content\/uploads\/2021\/04\/PPCP-Biennale-2020-katalog-s34-35-300x230.jpg 300w, https:\/\/ppcp.cz\/wp-content\/uploads\/2021\/04\/PPCP-Biennale-2020-katalog-s34-35-1024x785.jpg 1024w, https:\/\/ppcp.cz\/wp-content\/uploads\/2021\/04\/PPCP-Biennale-2020-katalog-s34-35-768x589.jpg 768w, https:\/\/ppcp.cz\/wp-content\/uploads\/2021\/04\/PPCP-Biennale-2020-katalog-s34-35-180x138.jpg 180w, https:\/\/ppcp.cz\/wp-content\/uploads\/2021\/04\/PPCP-Biennale-2020-katalog-s34-35.jpg 1500w\" sizes=\"auto, (max-width: 300px) 100vw, 300px\" \/>      <\/a>\n                      <a href=\"https:\/\/ppcp.cz\/wp-content\/uploads\/2021\/04\/PPCP-Biennale-2020-katalog-s90-91.jpg\" data-lightbox=\"gallery\" data-title=\"Catalogue Biennale 2020\">\n        <img loading=\"lazy\" decoding=\"async\" width=\"300\" height=\"230\" src=\"https:\/\/ppcp.cz\/wp-content\/uploads\/2021\/04\/PPCP-Biennale-2020-katalog-s90-91-300x230.jpg\" class=\"attachment-medium size-medium\" alt=\"\" srcset=\"https:\/\/ppcp.cz\/wp-content\/uploads\/2021\/04\/PPCP-Biennale-2020-katalog-s90-91-300x230.jpg 300w, https:\/\/ppcp.cz\/wp-content\/uploads\/2021\/04\/PPCP-Biennale-2020-katalog-s90-91-1024x785.jpg 1024w, https:\/\/ppcp.cz\/wp-content\/uploads\/2021\/04\/PPCP-Biennale-2020-katalog-s90-91-768x589.jpg 768w, https:\/\/ppcp.cz\/wp-content\/uploads\/2021\/04\/PPCP-Biennale-2020-katalog-s90-91-180x138.jpg 180w, https:\/\/ppcp.cz\/wp-content\/uploads\/2021\/04\/PPCP-Biennale-2020-katalog-s90-91.jpg 1500w\" sizes=\"auto, (max-width: 300px) 100vw, 300px\" \/>      <\/a>\n                      <a href=\"https:\/\/ppcp.cz\/wp-content\/uploads\/2021\/04\/PPCP-Biennale-2020-katalog-s130-131.jpg\" data-lightbox=\"gallery\" data-title=\"Catalogue Biennale 2020\">\n        <img loading=\"lazy\" decoding=\"async\" width=\"300\" height=\"230\" src=\"https:\/\/ppcp.cz\/wp-content\/uploads\/2021\/04\/PPCP-Biennale-2020-katalog-s130-131-300x230.jpg\" class=\"attachment-medium size-medium\" alt=\"\" srcset=\"https:\/\/ppcp.cz\/wp-content\/uploads\/2021\/04\/PPCP-Biennale-2020-katalog-s130-131-300x230.jpg 300w, https:\/\/ppcp.cz\/wp-content\/uploads\/2021\/04\/PPCP-Biennale-2020-katalog-s130-131-1024x785.jpg 1024w, https:\/\/ppcp.cz\/wp-content\/uploads\/2021\/04\/PPCP-Biennale-2020-katalog-s130-131-768x589.jpg 768w, https:\/\/ppcp.cz\/wp-content\/uploads\/2021\/04\/PPCP-Biennale-2020-katalog-s130-131-180x138.jpg 180w, https:\/\/ppcp.cz\/wp-content\/uploads\/2021\/04\/PPCP-Biennale-2020-katalog-s130-131.jpg 1500w\" sizes=\"auto, (max-width: 300px) 100vw, 300px\" \/>      <\/a>\n                      <a href=\"https:\/\/ppcp.cz\/wp-content\/uploads\/2021\/04\/PPCP-Biennale-2020-katalog-s138-139.jpg\" data-lightbox=\"gallery\" data-title=\"Catalogue Biennale 2020\">\n        <img loading=\"lazy\" decoding=\"async\" width=\"300\" height=\"230\" src=\"https:\/\/ppcp.cz\/wp-content\/uploads\/2021\/04\/PPCP-Biennale-2020-katalog-s138-139-300x230.jpg\" class=\"attachment-medium size-medium\" alt=\"\" srcset=\"https:\/\/ppcp.cz\/wp-content\/uploads\/2021\/04\/PPCP-Biennale-2020-katalog-s138-139-300x230.jpg 300w, https:\/\/ppcp.cz\/wp-content\/uploads\/2021\/04\/PPCP-Biennale-2020-katalog-s138-139-1024x785.jpg 1024w, https:\/\/ppcp.cz\/wp-content\/uploads\/2021\/04\/PPCP-Biennale-2020-katalog-s138-139-768x589.jpg 768w, https:\/\/ppcp.cz\/wp-content\/uploads\/2021\/04\/PPCP-Biennale-2020-katalog-s138-139-180x138.jpg 180w, https:\/\/ppcp.cz\/wp-content\/uploads\/2021\/04\/PPCP-Biennale-2020-katalog-s138-139.jpg 1500w\" sizes=\"auto, (max-width: 300px) 100vw, 300px\" \/>      <\/a>\n                      <a href=\"https:\/\/ppcp.cz\/wp-content\/uploads\/2021\/04\/PPCP-Biennale-2020-katalog-s160-161.jpg\" data-lightbox=\"gallery\" data-title=\"Catalogue Biennale 2020\">\n        <img loading=\"lazy\" decoding=\"async\" width=\"300\" height=\"230\" src=\"https:\/\/ppcp.cz\/wp-content\/uploads\/2021\/04\/PPCP-Biennale-2020-katalog-s160-161-300x230.jpg\" class=\"attachment-medium size-medium\" alt=\"\" srcset=\"https:\/\/ppcp.cz\/wp-content\/uploads\/2021\/04\/PPCP-Biennale-2020-katalog-s160-161-300x230.jpg 300w, https:\/\/ppcp.cz\/wp-content\/uploads\/2021\/04\/PPCP-Biennale-2020-katalog-s160-161-1024x785.jpg 1024w, https:\/\/ppcp.cz\/wp-content\/uploads\/2021\/04\/PPCP-Biennale-2020-katalog-s160-161-768x589.jpg 768w, https:\/\/ppcp.cz\/wp-content\/uploads\/2021\/04\/PPCP-Biennale-2020-katalog-s160-161-180x138.jpg 180w, https:\/\/ppcp.cz\/wp-content\/uploads\/2021\/04\/PPCP-Biennale-2020-katalog-s160-161.jpg 1500w\" sizes=\"auto, (max-width: 300px) 100vw, 300px\" \/>      <\/a>\n              <div class=\"description\">\n            <\/div>\n<\/div>\n\n<div class=\"product\">\n    <img decoding=\"async\" src=\"\/wp-content\/themes\/filatelie\/img\/separator-simple.svg\" alt=\"PPCP\" class=\"PageMain-separator\">\n\n    <h2>Black print<\/h2>\n                        <a href=\"https:\/\/ppcp.cz\/wp-content\/uploads\/2021\/03\/Cernotisk.jpg\" data-lightbox=\"gallery\" data-title=\"Black print\">\n        <img loading=\"lazy\" decoding=\"async\" width=\"222\" height=\"300\" src=\"https:\/\/ppcp.cz\/wp-content\/uploads\/2021\/03\/Cernotisk-222x300.jpg\" class=\"attachment-medium size-medium\" alt=\"\" srcset=\"https:\/\/ppcp.cz\/wp-content\/uploads\/2021\/03\/Cernotisk-222x300.jpg 222w, https:\/\/ppcp.cz\/wp-content\/uploads\/2021\/03\/Cernotisk-759x1024.jpg 759w, https:\/\/ppcp.cz\/wp-content\/uploads\/2021\/03\/Cernotisk-768x1036.jpg 768w, https:\/\/ppcp.cz\/wp-content\/uploads\/2021\/03\/Cernotisk-1139x1536.jpg 1139w, https:\/\/ppcp.cz\/wp-content\/uploads\/2021\/03\/Cernotisk-1519x2048.jpg 1519w, https:\/\/ppcp.cz\/wp-content\/uploads\/2021\/03\/Cernotisk-133x180.jpg 133w, https:\/\/ppcp.cz\/wp-content\/uploads\/2021\/03\/Cernotisk-scaled.jpg 1899w\" sizes=\"auto, (max-width: 222px) 100vw, 222px\" \/>      <\/a>\n                                                                <div class=\"description\">\n            <\/div>\n<\/div>\n\n<div class=\"product\">\n    <img decoding=\"async\" src=\"\/wp-content\/themes\/filatelie\/img\/separator-simple.svg\" alt=\"PPCP\" class=\"PageMain-separator\">\n\n    <h2>0 Euro banknote<\/h2>\n                        <a href=\"https:\/\/ppcp.cz\/wp-content\/uploads\/2021\/03\/Zero-EURO-1.jpg\" data-lightbox=\"gallery\" data-title=\"0 Euro banknote\">\n        <img loading=\"lazy\" decoding=\"async\" width=\"300\" height=\"166\" src=\"https:\/\/ppcp.cz\/wp-content\/uploads\/2021\/03\/Zero-EURO-1-300x166.jpg\" class=\"attachment-medium size-medium\" alt=\"\" srcset=\"https:\/\/ppcp.cz\/wp-content\/uploads\/2021\/03\/Zero-EURO-1-300x166.jpg 300w, https:\/\/ppcp.cz\/wp-content\/uploads\/2021\/03\/Zero-EURO-1-1024x567.jpg 1024w, https:\/\/ppcp.cz\/wp-content\/uploads\/2021\/03\/Zero-EURO-1-768x425.jpg 768w, https:\/\/ppcp.cz\/wp-content\/uploads\/2021\/03\/Zero-EURO-1-1536x850.jpg 1536w, https:\/\/ppcp.cz\/wp-content\/uploads\/2021\/03\/Zero-EURO-1-180x100.jpg 180w, https:\/\/ppcp.cz\/wp-content\/uploads\/2021\/03\/Zero-EURO-1.jpg 1595w\" sizes=\"auto, (max-width: 300px) 100vw, 300px\" \/>      <\/a>\n                      <a href=\"https:\/\/ppcp.cz\/wp-content\/uploads\/2021\/03\/Zero-EURO-2.jpg\" data-lightbox=\"gallery\" data-title=\"0 Euro banknote\">\n        <img loading=\"lazy\" decoding=\"async\" width=\"300\" height=\"166\" src=\"https:\/\/ppcp.cz\/wp-content\/uploads\/2021\/03\/Zero-EURO-2-300x166.jpg\" class=\"attachment-medium size-medium\" alt=\"\" srcset=\"https:\/\/ppcp.cz\/wp-content\/uploads\/2021\/03\/Zero-EURO-2-300x166.jpg 300w, https:\/\/ppcp.cz\/wp-content\/uploads\/2021\/03\/Zero-EURO-2-1024x567.jpg 1024w, https:\/\/ppcp.cz\/wp-content\/uploads\/2021\/03\/Zero-EURO-2-768x425.jpg 768w, https:\/\/ppcp.cz\/wp-content\/uploads\/2021\/03\/Zero-EURO-2-1536x850.jpg 1536w, https:\/\/ppcp.cz\/wp-content\/uploads\/2021\/03\/Zero-EURO-2-180x100.jpg 180w, https:\/\/ppcp.cz\/wp-content\/uploads\/2021\/03\/Zero-EURO-2.jpg 1595w\" sizes=\"auto, (max-width: 300px) 100vw, 300px\" \/>      <\/a>\n                                                      <div class=\"description\">\n            <\/div>\n<\/div>\n\n<div class=\"product\">\n    <img decoding=\"async\" src=\"\/wp-content\/themes\/filatelie\/img\/separator-simple.svg\" alt=\"PPCP\" class=\"PageMain-separator\">\n\n    <h2>Stamp Printsheet &#8211; Treasures of World Philately<\/h2>\n                        <a href=\"https:\/\/ppcp.cz\/wp-content\/uploads\/2021\/03\/Arch.jpg\" data-lightbox=\"gallery\" data-title=\"Stamp Printsheet - Treasures of World Philately\">\n        <img loading=\"lazy\" decoding=\"async\" width=\"211\" height=\"300\" src=\"https:\/\/ppcp.cz\/wp-content\/uploads\/2021\/03\/Arch-211x300.jpg\" class=\"attachment-medium size-medium\" alt=\"\" srcset=\"https:\/\/ppcp.cz\/wp-content\/uploads\/2021\/03\/Arch-211x300.jpg 211w, https:\/\/ppcp.cz\/wp-content\/uploads\/2021\/03\/Arch-719x1024.jpg 719w, https:\/\/ppcp.cz\/wp-content\/uploads\/2021\/03\/Arch-768x1093.jpg 768w, https:\/\/ppcp.cz\/wp-content\/uploads\/2021\/03\/Arch-1079x1536.jpg 1079w, https:\/\/ppcp.cz\/wp-content\/uploads\/2021\/03\/Arch-126x180.jpg 126w, https:\/\/ppcp.cz\/wp-content\/uploads\/2021\/03\/Arch.jpg 1231w\" sizes=\"auto, (max-width: 211px) 100vw, 211px\" \/>      <\/a>\n                                                                <div class=\"description\">\n            <\/div>\n<\/div>\n\n\n<p><\/p>\n","protected":false},"excerpt":{"rendered":"<p>These items can be purchased. Regarding payment and delivery please contact the club secretary Hana Fenclov\u00e1 on fenclova@ppcp.cz. Pick-up can also be arranged on \u0160rob\u00e1rova 2100\/49, 130 00 Praha 3-Vinohrady<\/p>\n","protected":false},"author":1,"featured_media":0,"parent":2114,"menu_order":0,"comment_status":"closed","ping_status":"closed","template":"","meta":{"footnotes":""},"class_list":["post-3718","page","type-page","status-publish","hentry"],"_links":{"self":[{"href":"https:\/\/ppcp.cz\/en\/wp-json\/wp\/v2\/pages\/3718","targetHints":{"allow":["GET"]}}],"collection":[{"href":"https:\/\/ppcp.cz\/en\/wp-json\/wp\/v2\/pages"}],"about":[{"href":"https:\/\/ppcp.cz\/en\/wp-json\/wp\/v2\/types\/page"}],"author":[{"embeddable":true,"href":"https:\/\/ppcp.cz\/en\/wp-json\/wp\/v2\/users\/1"}],"replies":[{"embeddable":true,"href":"https:\/\/ppcp.cz\/en\/wp-json\/wp\/v2\/comments?post=3718"}],"version-history":[{"count":10,"href":"https:\/\/ppcp.cz\/en\/wp-json\/wp\/v2\/pages\/3718\/revisions"}],"predecessor-version":[{"id":5132,"href":"https:\/\/ppcp.cz\/en\/wp-json\/wp\/v2\/pages\/3718\/revisions\/5132"}],"up":[{"embeddable":true,"href":"https:\/\/ppcp.cz\/en\/wp-json\/wp\/v2\/pages\/2114"}],"wp:attachment":[{"href":"https:\/\/ppcp.cz\/en\/wp-json\/wp\/v2\/media?parent=3718"}],"curies":[{"name":"wp","href":"https:\/\/api.w.org\/{rel}","templated":true}]}}