{"id":4020,"date":"2021-03-31T11:56:15","date_gmt":"2021-03-31T11:56:15","guid":{"rendered":"http:\/\/ppcp.cz.uvds32.active24.cz\/biennale\/zakladni-informace\/"},"modified":"2021-04-06T11:24:53","modified_gmt":"2021-04-06T11:24:53","slug":"zakladni-informace","status":"publish","type":"page","link":"https:\/\/ppcp.cz\/en\/biennale\/zakladni-informace\/","title":{"rendered":"BASIC INFORMATION"},"content":{"rendered":"\n<h4 class=\"no-bottom-margin wp-block-heading\"><strong>N\u00e1zev v\u00fdstavy:<\/strong><\/h4>\n\n\n\n<p class=\"gold big no-top-margin\"><span style=\"color:#cfb16b\" class=\"has-inline-color\">Poklady sv\u011btov\u00e9 filatelie<\/span><\/p>\n\n\n\n<h4 class=\"no-bottom-margin wp-block-heading\">M\u00edsto kon\u00e1n\u00ed:<\/h4>\n\n\n\n<p class=\"gold big no-margin\"><span style=\"color:#cfb16b\" class=\"has-inline-color\">N\u00e1rodn\u00ed muzeum v Praze<\/span><\/p>\n\n\n\n<p class=\"grey no-top-margin\">3 s\u00e1ly o celkov\u00e9 rozloze p\u0159es 500 m2<br>2. patro Historick\u00e9 budovy N\u00e1rodn\u00edho muzea<\/p>\n\n\n\n<h4 class=\"no-bottom-margin wp-block-heading\">Term\u00edn kon\u00e1n\u00ed:<\/h4>\n\n\n\n<p class=\"gold big no-margin\"><span style=\"color:#cfb16b\" class=\"has-inline-color\">16. 12. 2020 &#8211; 3. 1. 2021*<\/span><\/p>\n\n\n\n<p class=\"grey no-top-margin\">*p\u0159ed\u010dasn\u011b ukon\u010den 26. 12. 2020 kv\u016fli pandemick\u00e9 krizi a vl\u00e1dn\u00edm ochrann\u00fdm opat\u0159en\u00edm<\/p>\n\n\n\n<h4 class=\"no-bottom-margin wp-block-heading\">Vystavovatel\u00e9:<\/h4>\n\n\n\n<p class=\"gold big no-top-margin\"><span style=\"color:#cfb16b\" class=\"has-inline-color\">Prestige Philately Club Prague<br>Club de Monte Carlo<br>Vindobona<\/span><\/p>\n\n\n\n<h4 class=\"no-bottom-margin wp-block-heading\">Partne\u0159i:<\/h4>\n\n\n\n<p class=\"gold big no-top-margin\"><span style=\"color:#cfb16b\" class=\"has-inline-color\">N\u00e1rodn\u00ed muzeum<br>\u010cesk\u00e1 po\u0161ta<br>Po\u0161tovn\u00ed muzeum<br>Kooperativa<\/span><\/p>\n\n\n\n<h4 class=\"no-bottom-margin wp-block-heading\">Vizu\u00e1l v\u00fdstavy:<\/h4>\n\n\n\n<figure class=\"wp-block-image size-large is-resized\"><a href=\"http:\/\/ppcp.cz\/wp-content\/uploads\/2021\/04\/Vizual-NM.jpg\"><img loading=\"lazy\" decoding=\"async\" src=\"http:\/\/ppcp.cz\/wp-content\/uploads\/2021\/04\/Vizual-NM-1024x775.jpg\" alt=\"\" class=\"wp-image-4061\" width=\"400\" height=\"302\" srcset=\"https:\/\/ppcp.cz\/wp-content\/uploads\/2021\/04\/Vizual-NM-1024x775.jpg 1024w, https:\/\/ppcp.cz\/wp-content\/uploads\/2021\/04\/Vizual-NM-300x227.jpg 300w, https:\/\/ppcp.cz\/wp-content\/uploads\/2021\/04\/Vizual-NM-768x581.jpg 768w, https:\/\/ppcp.cz\/wp-content\/uploads\/2021\/04\/Vizual-NM-180x136.jpg 180w, https:\/\/ppcp.cz\/wp-content\/uploads\/2021\/04\/Vizual-NM.jpg 1216w\" sizes=\"auto, (max-width: 400px) 100vw, 400px\" \/><\/a><\/figure>\n\n\n\n<h4 class=\"no-bottom-margin wp-block-heading\">Pl\u00e1nek v\u00fdstavy:<\/h4>\n\n\n\n<figure class=\"wp-block-image size-large is-resized\"><a href=\"http:\/\/ppcp.cz\/wp-content\/uploads\/2021\/04\/mapa.jpg\"><img loading=\"lazy\" decoding=\"async\" src=\"http:\/\/ppcp.cz\/wp-content\/uploads\/2021\/04\/mapa-1024x509.jpg\" alt=\"\" class=\"wp-image-4058\" width=\"489\" height=\"242\" srcset=\"https:\/\/ppcp.cz\/wp-content\/uploads\/2021\/04\/mapa-1024x509.jpg 1024w, https:\/\/ppcp.cz\/wp-content\/uploads\/2021\/04\/mapa-300x149.jpg 300w, https:\/\/ppcp.cz\/wp-content\/uploads\/2021\/04\/mapa-768x382.jpg 768w, https:\/\/ppcp.cz\/wp-content\/uploads\/2021\/04\/mapa-1536x763.jpg 1536w, https:\/\/ppcp.cz\/wp-content\/uploads\/2021\/04\/mapa-2048x1018.jpg 2048w, https:\/\/ppcp.cz\/wp-content\/uploads\/2021\/04\/mapa-180x89.jpg 180w\" sizes=\"auto, (max-width: 489px) 100vw, 489px\" \/><\/a><\/figure>\n","protected":false},"excerpt":{"rendered":"<p>N\u00e1zev v\u00fdstavy: Poklady sv\u011btov\u00e9 filatelie M\u00edsto kon\u00e1n\u00ed: N\u00e1rodn\u00ed muzeum v Praze 3 s\u00e1ly o celkov\u00e9 rozloze p\u0159es 500 m22. patro Historick\u00e9 budovy N\u00e1rodn\u00edho muzea Term\u00edn kon\u00e1n\u00ed: 16. 12. 2020 &#8211; 3. 1. 2021* *p\u0159ed\u010dasn\u011b ukon\u010den 26. 12. 2020 kv\u016fli pandemick\u00e9 krizi a vl\u00e1dn\u00edm ochrann\u00fdm opat\u0159en\u00edm Vystavovatel\u00e9: Prestige Philately Club PragueClub de Monte CarloVindobona Partne\u0159i: N\u00e1rodn\u00ed [&hellip;]<\/p>\n","protected":false},"author":2,"featured_media":0,"parent":2114,"menu_order":0,"comment_status":"closed","ping_status":"closed","template":"","meta":{"footnotes":""},"class_list":["post-4020","page","type-page","status-publish","hentry"],"_links":{"self":[{"href":"https:\/\/ppcp.cz\/en\/wp-json\/wp\/v2\/pages\/4020","targetHints":{"allow":["GET"]}}],"collection":[{"href":"https:\/\/ppcp.cz\/en\/wp-json\/wp\/v2\/pages"}],"about":[{"href":"https:\/\/ppcp.cz\/en\/wp-json\/wp\/v2\/types\/page"}],"author":[{"embeddable":true,"href":"https:\/\/ppcp.cz\/en\/wp-json\/wp\/v2\/users\/2"}],"replies":[{"embeddable":true,"href":"https:\/\/ppcp.cz\/en\/wp-json\/wp\/v2\/comments?post=4020"}],"version-history":[{"count":3,"href":"https:\/\/ppcp.cz\/en\/wp-json\/wp\/v2\/pages\/4020\/revisions"}],"predecessor-version":[{"id":4065,"href":"https:\/\/ppcp.cz\/en\/wp-json\/wp\/v2\/pages\/4020\/revisions\/4065"}],"up":[{"embeddable":true,"href":"https:\/\/ppcp.cz\/en\/wp-json\/wp\/v2\/pages\/2114"}],"wp:attachment":[{"href":"https:\/\/ppcp.cz\/en\/wp-json\/wp\/v2\/media?parent=4020"}],"curies":[{"name":"wp","href":"https:\/\/api.w.org\/{rel}","templated":true}]}}