{"id":542,"date":"2019-01-15T19:16:08","date_gmt":"2019-01-15T19:16:08","guid":{"rendered":"http:\/\/www.ppcp.cz\/?page_id=542"},"modified":"2025-01-08T08:52:02","modified_gmt":"2025-01-08T08:52:02","slug":"contacts","status":"publish","type":"page","link":"https:\/\/ppcp.cz\/en\/contacts\/","title":{"rendered":"Contacts"},"content":{"rendered":"\n<p class=\"color-primary text-lg\">Prestige Philately Club Prague<\/p>\n\n\n\n<p>\u0160rob\u00e1rova 2100\/49, Vinohrady, 130 00 Prague 3<\/p>\n\n\n\n<p>Tel. +420 226 255 200<br><br><\/p>\n\n\n\n<p><span class=\"color-primary text-md\">JUDr. Tom\u00e1\u0161 M\u00e1dl<\/span><br>President of the Club <br>madl@ppcp.cz<\/p>\n\n\n\n<p><span class=\"color-primary text-md\">Ing. Martin N\u011bme\u010dek<\/span><br>nemecek@ppcp.cz<\/p>\n\n\n\n<p><span class=\"color-primary text-md\">Ing. V\u00edt Van\u00ed\u010dek<\/span><br>vanicek@ppcp.cz<\/p>\n\n\n\n<p><span class=\"color-primary text-md\">Dr. Pavol Lazar<\/span><br>lazar@ppcp.cz<\/p>\n\n\n\n<p><span class=\"color-primary text-md\">Mgr. Ji\u0159\u00ed St\u0159echa<\/span><br>strecha@ppcp.cz<br><\/p>\n\n\n\n<div style=\"height:24px\" aria-hidden=\"true\" class=\"wp-block-spacer\"><\/div>\n\n\n\n<p><span class=\"color-primary text-md\">Ing. Martin Fil\u00edpek<\/span><br>Secretary<br>tajemnik@ppcp.cz<\/p>\n\n\n\n<div style=\"height:24px\" aria-hidden=\"true\" class=\"wp-block-spacer\"><\/div>\n\n\n\n<p><span class=\"color-primary text-md\">ID No.<\/span><br>07613164<\/p>\n\n\n\n<p><span class=\"color-primary text-md\">Prestige Philately Club Prague z. s.<\/span><br>Entered in the Register of Associations administered by the Municipal Court in Prague, Section L, Entry 71120 <\/p>\n","protected":false},"excerpt":{"rendered":"<p>Prestige Philately Club Prague \u0160rob\u00e1rova 2100\/49, Vinohrady, 130 00 Prague 3 Tel. +420 226 255 200 JUDr. Tom\u00e1\u0161 M\u00e1dlPresident of the Club madl@ppcp.cz Ing. Martin N\u011bme\u010deknemecek@ppcp.cz Ing. V\u00edt Van\u00ed\u010dekvanicek@ppcp.cz Dr. Pavol Lazarlazar@ppcp.cz Mgr. Ji\u0159\u00ed St\u0159echastrecha@ppcp.cz Ing. Martin Fil\u00edpekSecretarytajemnik@ppcp.cz ID No.07613164 Prestige Philately Club Prague z. s.Entered in the Register of Associations administered by the Municipal [&hellip;]<\/p>\n","protected":false},"author":1,"featured_media":0,"parent":0,"menu_order":0,"comment_status":"closed","ping_status":"closed","template":"","meta":{"footnotes":""},"class_list":["post-542","page","type-page","status-publish","hentry"],"_links":{"self":[{"href":"https:\/\/ppcp.cz\/en\/wp-json\/wp\/v2\/pages\/542","targetHints":{"allow":["GET"]}}],"collection":[{"href":"https:\/\/ppcp.cz\/en\/wp-json\/wp\/v2\/pages"}],"about":[{"href":"https:\/\/ppcp.cz\/en\/wp-json\/wp\/v2\/types\/page"}],"author":[{"embeddable":true,"href":"https:\/\/ppcp.cz\/en\/wp-json\/wp\/v2\/users\/1"}],"replies":[{"embeddable":true,"href":"https:\/\/ppcp.cz\/en\/wp-json\/wp\/v2\/comments?post=542"}],"version-history":[{"count":10,"href":"https:\/\/ppcp.cz\/en\/wp-json\/wp\/v2\/pages\/542\/revisions"}],"predecessor-version":[{"id":7774,"href":"https:\/\/ppcp.cz\/en\/wp-json\/wp\/v2\/pages\/542\/revisions\/7774"}],"wp:attachment":[{"href":"https:\/\/ppcp.cz\/en\/wp-json\/wp\/v2\/media?parent=542"}],"curies":[{"name":"wp","href":"https:\/\/api.w.org\/{rel}","templated":true}]}}