{"id":559,"date":"2019-01-16T09:02:20","date_gmt":"2019-01-16T09:02:20","guid":{"rendered":"http:\/\/www.ppcp.cz\/?page_id=559"},"modified":"2025-05-29T08:42:53","modified_gmt":"2025-05-29T08:42:53","slug":"members","status":"publish","type":"page","link":"https:\/\/ppcp.cz\/en\/members\/","title":{"rendered":"Members"},"content":{"rendered":"\n<p class=\"color-primary text-md\">PPCP members can be personalities who are important for the present and the future of philately, especially for its prestigious aspect, from the Czech Republic or Slovakia, but also from other countries, as well as institutions. The number of Club members is limited to 50. This number will be achieved gradually, through careful selection. The acceptance criteria are set down in the Statutes. Emphasis is placed on the given member\u2019s potential to fulfil the PPCP objectives, both on behalf of the Club and on a personal level. <\/p>\n\n\n\n<p>On 18 December 2018, the Postal Museum in Prague joined PPCP, which is an extraordinary cultural precedent \u2013 the connection and mutual support of civic and institutional cultural activity such as collecting in general. PPCP includes, among others, all our holders of the Large Gold and National Grand Prix awards from Praga 2018.<\/p>\n\n\n\n<p>We believe that all PPCP members will be united by the awareness of the fact that membership in the Club is not a reward, but rather that it binds and summons everybody to further work for philately and for the raising of its importance. The purpose and objectives of PPCP are not fulfilled within the Club, as they lie outside the club, in the public space.<\/p>\n\n\n\n<h2 class=\"has-text-align-center color-primary wp-block-heading\">PPCP Committee<\/h2>\n\n\n\n<p class=\"is-style-gold\">Chairman: <span class=\"color-primary\">JUDr. Tom\u00e1\u0161 M\u00e1dl<\/span> \/ madl@ppcp.cz<br><span class=\"color-primary\">Ing. V\u00edt Van\u00ed\u010dek<\/span> \/ vanicek@ppcp.cz<br><span class=\"color-primary\">Ing. Martin N\u011bme\u010dek<\/span> \/ nemecek@ppcp.cz<br><span class=\"color-primary\">RNDr.<\/span> <span class=\"color-primary\">Pavol Lazar<\/span> \/ lazar@ppcp.cz<br><span class=\"color-primary\">Mgr. Ji\u0159\u00ed St\u0159echa<\/span> \/ strecha@ppcp.cz<\/p>\n\n\n\n<h2 class=\"has-text-align-center color-primary wp-block-heading\">Secretary<\/h2>\n\n\n\n<p class=\"is-style-gold\"><span class=\"color-primary\">Ing. Martin Fil\u00edpek \/ tajemnik@ppcp.cz<\/span><\/p>\n\n\n\n<h2 class=\"has-text-align-center color-primary wp-block-heading\">Club Membership Certificate<\/h2>\n\n\n\n<p>The basic sign of membership in PPCP is, besides the signature on the Charter, the Club Membership Certificate.<\/p>\n\n\n\n<figure class=\"wp-block-image\"><img loading=\"lazy\" decoding=\"async\" width=\"560\" height=\"389\" src=\"http:\/\/ppcp.cz\/wp-content\/uploads\/2018\/12\/membership-certificate.jpg\" alt=\"\" class=\"wp-image-561\" srcset=\"https:\/\/ppcp.cz\/wp-content\/uploads\/2018\/12\/membership-certificate.jpg 560w, https:\/\/ppcp.cz\/wp-content\/uploads\/2018\/12\/membership-certificate-180x125.jpg 180w, https:\/\/ppcp.cz\/wp-content\/uploads\/2018\/12\/membership-certificate-300x208.jpg 300w\" sizes=\"auto, (max-width: 560px) 100vw, 560px\" \/><\/figure>\n\n\n\n<h2 class=\"has-text-align-center color-primary wp-block-heading\"><br><br>Applicants for Membership in PPCP<\/h2>\n\n\n\n<p>A person interested in membership in PPCP who was proposed by two proposers from the ranks of the Club members can apply for membership by submitting the completed Application Sheet to the address of the seat of PPCP.<br><br><\/p>\n\n\n\n<p class=\"print text-left\"><a href=\"http:\/\/www.ppcp.cz\/wp-content\/uploads\/2018\/12\/prihlasovaci-list.pdf\" target=\"_blank\" rel=\"noopener noreferrer\">Application Sheet<\/a><\/p>\n","protected":false},"excerpt":{"rendered":"<p>PPCP members can be personalities who are important for the present and the future of philately, especially for its prestigious aspect, from the Czech Republic or Slovakia, but also from other countries, as well as institutions. The number of Club members is limited to 50. This number will be achieved gradually, through careful selection. The [&hellip;]<\/p>\n","protected":false},"author":1,"featured_media":0,"parent":0,"menu_order":0,"comment_status":"closed","ping_status":"closed","template":"","meta":{"footnotes":""},"class_list":["post-559","page","type-page","status-publish","hentry"],"_links":{"self":[{"href":"https:\/\/ppcp.cz\/en\/wp-json\/wp\/v2\/pages\/559","targetHints":{"allow":["GET"]}}],"collection":[{"href":"https:\/\/ppcp.cz\/en\/wp-json\/wp\/v2\/pages"}],"about":[{"href":"https:\/\/ppcp.cz\/en\/wp-json\/wp\/v2\/types\/page"}],"author":[{"embeddable":true,"href":"https:\/\/ppcp.cz\/en\/wp-json\/wp\/v2\/users\/1"}],"replies":[{"embeddable":true,"href":"https:\/\/ppcp.cz\/en\/wp-json\/wp\/v2\/comments?post=559"}],"version-history":[{"count":15,"href":"https:\/\/ppcp.cz\/en\/wp-json\/wp\/v2\/pages\/559\/revisions"}],"predecessor-version":[{"id":8057,"href":"https:\/\/ppcp.cz\/en\/wp-json\/wp\/v2\/pages\/559\/revisions\/8057"}],"wp:attachment":[{"href":"https:\/\/ppcp.cz\/en\/wp-json\/wp\/v2\/media?parent=559"}],"curies":[{"name":"wp","href":"https:\/\/api.w.org\/{rel}","templated":true}]}}