{"id":6450,"date":"2023-04-17T11:42:40","date_gmt":"2023-04-17T11:42:40","guid":{"rendered":"https:\/\/ppcp.cz\/?page_id=6450"},"modified":"2023-10-16T08:16:28","modified_gmt":"2023-10-16T08:16:28","slug":"basic-information","status":"publish","type":"page","link":"https:\/\/ppcp.cz\/en\/biennale-2023\/basic-information\/","title":{"rendered":"Basic information"},"content":{"rendered":"\n<h2 class=\"wp-block-heading\">BASIC INFORMATION<\/h2>\n\n\n<img decoding=\"async\" src=\"\/wp-content\/themes\/filatelie\/img\/separator-simple.svg\" alt=\"PPCP\" class=\"PageMain-separator\">\n\n\n<h4 class=\"no-bottom-margin wp-block-heading\">Name of the Exhibition:<\/h4>\n\n\n\n<p class=\"gold big no-top-margin\"><span style=\"color:#cfb16b\" class=\"has-inline-color\">Treasures of World Philately 2<\/span><\/p>\n\n\n\n<h4 class=\"no-bottom-margin wp-block-heading\">Venue:<\/h4>\n\n\n\n<p class=\"gold big no-top-margin\"><span style=\"color:#cfb16b\" class=\"has-inline-color\">Municipal House in Prague<\/span><\/p>\n\n\n\n<h4 class=\"no-bottom-margin wp-block-heading\">Dates:<\/h4>\n\n\n\n<p class=\"gold big no-top-margin\"><span style=\"color:#cfb16b\" class=\"has-inline-color\">28 October 2023 &#8211; 5 November 2023<\/span><\/p>\n\n\n\n<h4 class=\"no-bottom-margin wp-block-heading\">Exhibitors:<\/h4>\n\n\n\n<p class=\"gold big no-top-margin is-style-gold\"><span style=\"color:#cfb16b\" class=\"has-inline-color\">Prestige Philately Club Prague<\/span><br>Club de Monte-Carlo de l&#8217;Elite de la Philat\u00e9lie<br>Vindobona<\/p>\n\n\n\n<h4 class=\"no-bottom-margin wp-block-heading\">Partners:<\/h4>\n\n\n\n<p class=\"gold big no-top-margin\"><\/p>\n\n\n\n<p class=\"is-style-gold\">Filatelie Fla\u0161ka<br>Postal Museum<br>Postal Museum Bansk\u00e1 Bystrica<\/p>\n\n\n\n<h4 class=\"wp-block-heading\">Main visual:<\/h4>\n\n\n\n<figure class=\"wp-block-image size-large is-resized\"><a href=\"https:\/\/ppcp.cz\/wp-content\/uploads\/2023\/04\/PPCP-Biennale-2023-EN.jpg\" target=\"_blank\" rel=\"noopener\"><img loading=\"lazy\" decoding=\"async\" src=\"http:\/\/ppcp.cz\/wp-content\/uploads\/2023\/04\/PPCP-Biennale-2023-EN-1024x722.jpg\" alt=\"\" class=\"wp-image-6451\" width=\"512\" height=\"361\" srcset=\"https:\/\/ppcp.cz\/wp-content\/uploads\/2023\/04\/PPCP-Biennale-2023-EN-1024x722.jpg 1024w, https:\/\/ppcp.cz\/wp-content\/uploads\/2023\/04\/PPCP-Biennale-2023-EN-300x211.jpg 300w, https:\/\/ppcp.cz\/wp-content\/uploads\/2023\/04\/PPCP-Biennale-2023-EN-768x541.jpg 768w, https:\/\/ppcp.cz\/wp-content\/uploads\/2023\/04\/PPCP-Biennale-2023-EN-1536x1083.jpg 1536w, https:\/\/ppcp.cz\/wp-content\/uploads\/2023\/04\/PPCP-Biennale-2023-EN-2048x1444.jpg 2048w, https:\/\/ppcp.cz\/wp-content\/uploads\/2023\/04\/PPCP-Biennale-2023-EN-180x127.jpg 180w\" sizes=\"auto, (max-width: 512px) 100vw, 512px\" \/><\/a><\/figure>\n","protected":false},"excerpt":{"rendered":"<p>BASIC INFORMATION Name of the Exhibition: Treasures of World Philately 2 Venue: Municipal House in Prague Dates: 28 October 2023 &#8211; 5 November 2023 Exhibitors: Prestige Philately Club PragueClub de Monte-Carlo de l&#8217;Elite de la Philat\u00e9lieVindobona Partners: Filatelie Fla\u0161kaPostal MuseumPostal Museum Bansk\u00e1 Bystrica Main visual:<\/p>\n","protected":false},"author":1,"featured_media":0,"parent":6454,"menu_order":10,"comment_status":"closed","ping_status":"closed","template":"","meta":{"footnotes":""},"class_list":["post-6450","page","type-page","status-publish","hentry"],"_links":{"self":[{"href":"https:\/\/ppcp.cz\/en\/wp-json\/wp\/v2\/pages\/6450","targetHints":{"allow":["GET"]}}],"collection":[{"href":"https:\/\/ppcp.cz\/en\/wp-json\/wp\/v2\/pages"}],"about":[{"href":"https:\/\/ppcp.cz\/en\/wp-json\/wp\/v2\/types\/page"}],"author":[{"embeddable":true,"href":"https:\/\/ppcp.cz\/en\/wp-json\/wp\/v2\/users\/1"}],"replies":[{"embeddable":true,"href":"https:\/\/ppcp.cz\/en\/wp-json\/wp\/v2\/comments?post=6450"}],"version-history":[{"count":5,"href":"https:\/\/ppcp.cz\/en\/wp-json\/wp\/v2\/pages\/6450\/revisions"}],"predecessor-version":[{"id":6801,"href":"https:\/\/ppcp.cz\/en\/wp-json\/wp\/v2\/pages\/6450\/revisions\/6801"}],"up":[{"embeddable":true,"href":"https:\/\/ppcp.cz\/en\/wp-json\/wp\/v2\/pages\/6454"}],"wp:attachment":[{"href":"https:\/\/ppcp.cz\/en\/wp-json\/wp\/v2\/media?parent=6450"}],"curies":[{"name":"wp","href":"https:\/\/api.w.org\/{rel}","templated":true}]}}