{"id":6789,"date":"2023-10-09T11:41:07","date_gmt":"2023-10-09T11:41:07","guid":{"rendered":"https:\/\/ppcp.cz\/?page_id=6789"},"modified":"2023-10-09T11:57:52","modified_gmt":"2023-10-09T11:57:52","slug":"exhibits","status":"publish","type":"page","link":"https:\/\/ppcp.cz\/en\/biennale-2023\/exhibits\/","title":{"rendered":"The Exhibits"},"content":{"rendered":"\n<h1 class=\"wp-block-heading\">THE EXHIBITS<\/h1>\n\n\n<img decoding=\"async\" src=\"\/wp-content\/themes\/filatelie\/img\/separator-simple.svg\" alt=\"PPCP\" class=\"PageMain-separator\">\n\n\n<p>Visitors may look forward to world-class rarities, many of which are being seen in the Czech Republic for the first and last time. Some rarities have never been presented anywhere in the world before, and only a few insiders knew about their existence. Most members of the PPCP, Vindobona and CMC do not exhibit at the usual philatelic exhibitions organised by, for example, FIPA or FEPA &#8211; moreover, rarities from private collections are not usually lent out publicly, which makes the Biennale a unique stage for their presentation. The uniqueness of the exhibition is enhanced by the rule that each exhibit can only be shown once per Biennale.<\/p>\n\n\n\n<p class=\"is-style-gold\">The exhibition is extraordinary not only for the appearance of important philatelic rarities, but also for its unique presentation of exhibits within the world exhibition series!<\/p>\n\n\n\n<p>We show the socio-cultural and historical contexts and stories of each stamp or letter; we present them in a non-philatelic language which is more understandable and engaging for the non-philatelic public, unlike, for example, competitive exhibitions.<\/p>\n\n\n\n<p>We look forward to your visit!<\/p>\n\n\n<img decoding=\"async\" src=\"\/wp-content\/themes\/filatelie\/img\/separator-simple.svg\" alt=\"PPCP\" class=\"PageMain-separator\">\n\n\n<h2 class=\"is-style-gold-0-mb wp-block-heading\">List of Exhibits<\/h2>\n\n\n\n<p>Last General Government stamp emission Country and people<br>12 stamps for 12 million<br>The Golden monkey stamp<br>The rarest perforated stamps of the British Colonial philately<br>Postage due stamp printing error 50\/50<br>The first two postage stamps of the World<br>Round the World in a&nbsp;hundred days<br>The first colonial stamp of the World \u2013 Lady McLeod<br>What even Charles III does not have\u2026<br>His aim was perfection<br>First among all, newspaper stamps 1851<br>Balloon mail<br>1 Cent British Guiana Black on Magenta \u2013 A&nbsp;rare block of four<br>Czechoslovakia 1924, telegram from Subcarpathian Ruthenia to Texas, USA<br>370 Shades of red<br>One of the rarest postal covers of the German Colonial Empire<br>Airmail letter of 1918<br>World\u2019s&nbsp;first newspaper stamps \u2013 Austrian Mercury, issued 1851, 1856<br>Stamp of hope<br>Air stamp of the Czechoslovakian spa<br>To cut or not to cut<br>Austrian airmail stamps with the overprint Po\u0161ta \u010deskoslovensk\u00e1 1919<br>Stickney rotary printing press<br>Uniques of first issue of Persia \u2013 The Lion and the sun<br>German post in the light of the Ottoman crescent moon<br>Australia\u2019s&nbsp;rarest printing error<br>Letter from the collection of the Father of postal history<br>80 Centesimi in 1859, 275 000 Euros in 2023<br>One of three<br>Newfound freedom<br>Operational service stamps \u2013 Premium order J 2<br>First and last stamp of the Slovak state<br>Inverted comb perforation on the London issue 20 h stamp<br>Everything\u2019s&nbsp;been here before<br>The biggest block<br>Moscow in Ukraine<br>Norwegians under Roald Amundsen finish first in race to the South pole<br>Ex royal collection<br>The official confirmation<br>The rarest plate and printing defects of Czechoslovakia 1<br>Joint print of Hrad\u010dany and Matka Sl\u00e1vie (9+3)<br>Registered letter of 6th weight step from Brood to Moscow<br>The Saxony legendary stamp is actually a&nbsp;provisional stamp<br>Pair of imprimaturs for the first printing of the 4 Skilling Banco stamp<br>The rarest lions in the World<br>The Blue Barbados<br>The Great game<br>The famous Hawaiian Missionary two cents<br>One day, two rarities<br>Correspondence cards \u2013 FDC, albino, black<br>1850 \u2013 First Issue of the Austrian Monarchy, Eight of 9 Kreuzer type I&nbsp;on cover<br>50 Kr rarity from aristocratic correspondence<br>Prephilately vs. Philately in the Austrian Empire<br>The first postcard in the world \u2013the SMS of the 19th century<\/p>\n\n\n<img decoding=\"async\" src=\"\/wp-content\/themes\/filatelie\/img\/separator-simple.svg\" alt=\"PPCP\" class=\"PageMain-separator\">\n\n\n<p>Here we present some selected exhibits you can look forward to.<\/p>\n\n\n\n<div class=\"wp-block-group\"><div class=\"wp-block-group__inner-container is-layout-flow wp-block-group-is-layout-flow\"><img decoding=\"async\" src=\"\/wp-content\/themes\/filatelie\/img\/separator-simple.svg\" alt=\"PPCP\" class=\"PageMain-separator\">\n\n\n<h2 class=\"is-style-gold-0-mb wp-block-heading\">20 block of Saxon Threes<\/h2>\n\n\n\n<p>A unique sheet that the whole world knows. With the amazing story of the discovery of the 1870s. Ex Friedl, Ferrary and Burrus.<\/p>\n\n\n\n<figure class=\"wp-block-image size-full is-resized\"><img loading=\"lazy\" decoding=\"async\" src=\"http:\/\/ppcp.cz\/wp-content\/uploads\/2023\/10\/Saska.png\" alt=\"\" class=\"wp-image-6775\" width=\"495\" height=\"406\" srcset=\"https:\/\/ppcp.cz\/wp-content\/uploads\/2023\/10\/Saska.png 990w, https:\/\/ppcp.cz\/wp-content\/uploads\/2023\/10\/Saska-300x246.png 300w, https:\/\/ppcp.cz\/wp-content\/uploads\/2023\/10\/Saska-768x629.png 768w, https:\/\/ppcp.cz\/wp-content\/uploads\/2023\/10\/Saska-180x147.png 180w\" sizes=\"auto, (max-width: 495px) 100vw, 495px\" \/><\/figure>\n<\/div><\/div>\n\n\n\n<div class=\"wp-block-group\"><div class=\"wp-block-group__inner-container is-layout-flow wp-block-group-is-layout-flow\"><img decoding=\"async\" src=\"\/wp-content\/themes\/filatelie\/img\/separator-simple.svg\" alt=\"PPCP\" class=\"PageMain-separator\">\n\n\n<h2 class=\"is-style-gold-0-mb wp-block-heading\">4C inverted<\/h2>\n\n\n\n<p>According to the available sources, only 500, but rather only 400 pieces with an inverted centre could have been produced in the edition of 5.7 million. Of these, 1 sheet, i.e. 200 pieces, was overprinted &#8220;Specimen&#8221;. All the surviving specimens today are at most a few dozen.<\/p>\n\n\n\n<figure class=\"wp-block-image size-full is-resized\"><img loading=\"lazy\" decoding=\"async\" src=\"http:\/\/ppcp.cz\/wp-content\/uploads\/2023\/10\/PanAm.png\" alt=\"\" class=\"wp-image-6782\" width=\"285\" height=\"216\" srcset=\"https:\/\/ppcp.cz\/wp-content\/uploads\/2023\/10\/PanAm.png 569w, https:\/\/ppcp.cz\/wp-content\/uploads\/2023\/10\/PanAm-300x228.png 300w, https:\/\/ppcp.cz\/wp-content\/uploads\/2023\/10\/PanAm-180x137.png 180w\" sizes=\"auto, (max-width: 285px) 100vw, 285px\" \/><\/figure>\n<\/div><\/div>\n\n\n\n<div class=\"wp-block-group\"><div class=\"wp-block-group__inner-container is-layout-flow wp-block-group-is-layout-flow\"><img decoding=\"async\" src=\"\/wp-content\/themes\/filatelie\/img\/separator-simple.svg\" alt=\"PPCP\" class=\"PageMain-separator\">\n\n\n<h2 class=\"is-style-gold-0-mb wp-block-heading\">Postage due stamp 50\/50<\/h2>\n\n\n\n<p>The only truly world-famous and authentic rarity of Czechoslovak provenance.<\/p>\n\n\n\n<figure class=\"wp-block-image size-large is-resized\"><img loading=\"lazy\" decoding=\"async\" src=\"http:\/\/ppcp.cz\/wp-content\/uploads\/2023\/10\/50-50-858x1024.png\" alt=\"\" class=\"wp-image-6784\" width=\"429\" height=\"512\" srcset=\"https:\/\/ppcp.cz\/wp-content\/uploads\/2023\/10\/50-50-858x1024.png 858w, https:\/\/ppcp.cz\/wp-content\/uploads\/2023\/10\/50-50-252x300.png 252w, https:\/\/ppcp.cz\/wp-content\/uploads\/2023\/10\/50-50-768x916.png 768w, https:\/\/ppcp.cz\/wp-content\/uploads\/2023\/10\/50-50-1288x1536.png 1288w, https:\/\/ppcp.cz\/wp-content\/uploads\/2023\/10\/50-50-1717x2048.png 1717w, https:\/\/ppcp.cz\/wp-content\/uploads\/2023\/10\/50-50-151x180.png 151w\" sizes=\"auto, (max-width: 429px) 100vw, 429px\" \/><\/figure>\n<\/div><\/div>\n\n\n\n<div class=\"wp-block-group\"><div class=\"wp-block-group__inner-container is-layout-flow wp-block-group-is-layout-flow\"><img decoding=\"async\" src=\"\/wp-content\/themes\/filatelie\/img\/separator-simple.svg\" alt=\"PPCP\" class=\"PageMain-separator\">\n\n\n<h2 class=\"is-style-gold-0-mb wp-block-heading\">2C Missionary<\/h2>\n\n\n\n<p>From an All World collection.<\/p>\n\n\n\n<figure class=\"wp-block-image size-large is-resized\"><img loading=\"lazy\" decoding=\"async\" src=\"http:\/\/ppcp.cz\/wp-content\/uploads\/2023\/10\/Hawaii-781x1024.png\" alt=\"\" class=\"wp-image-6786\" width=\"391\" height=\"512\" srcset=\"https:\/\/ppcp.cz\/wp-content\/uploads\/2023\/10\/Hawaii-781x1024.png 781w, https:\/\/ppcp.cz\/wp-content\/uploads\/2023\/10\/Hawaii-229x300.png 229w, https:\/\/ppcp.cz\/wp-content\/uploads\/2023\/10\/Hawaii-768x1007.png 768w, https:\/\/ppcp.cz\/wp-content\/uploads\/2023\/10\/Hawaii-137x180.png 137w, https:\/\/ppcp.cz\/wp-content\/uploads\/2023\/10\/Hawaii.png 1026w\" sizes=\"auto, (max-width: 391px) 100vw, 391px\" \/><\/figure>\n<\/div><\/div>\n","protected":false},"excerpt":{"rendered":"<p>THE EXHIBITS Visitors may look forward to world-class rarities, many of which are being seen in the Czech Republic for the first and last time. Some rarities have never been presented anywhere in the world before, and only a few insiders knew about their existence. Most members of the PPCP, Vindobona and CMC do not [&hellip;]<\/p>\n","protected":false},"author":1,"featured_media":0,"parent":6454,"menu_order":20,"comment_status":"closed","ping_status":"closed","template":"","meta":{"footnotes":""},"class_list":["post-6789","page","type-page","status-publish","hentry"],"_links":{"self":[{"href":"https:\/\/ppcp.cz\/en\/wp-json\/wp\/v2\/pages\/6789","targetHints":{"allow":["GET"]}}],"collection":[{"href":"https:\/\/ppcp.cz\/en\/wp-json\/wp\/v2\/pages"}],"about":[{"href":"https:\/\/ppcp.cz\/en\/wp-json\/wp\/v2\/types\/page"}],"author":[{"embeddable":true,"href":"https:\/\/ppcp.cz\/en\/wp-json\/wp\/v2\/users\/1"}],"replies":[{"embeddable":true,"href":"https:\/\/ppcp.cz\/en\/wp-json\/wp\/v2\/comments?post=6789"}],"version-history":[{"count":3,"href":"https:\/\/ppcp.cz\/en\/wp-json\/wp\/v2\/pages\/6789\/revisions"}],"predecessor-version":[{"id":6796,"href":"https:\/\/ppcp.cz\/en\/wp-json\/wp\/v2\/pages\/6789\/revisions\/6796"}],"up":[{"embeddable":true,"href":"https:\/\/ppcp.cz\/en\/wp-json\/wp\/v2\/pages\/6454"}],"wp:attachment":[{"href":"https:\/\/ppcp.cz\/en\/wp-json\/wp\/v2\/media?parent=6789"}],"curies":[{"name":"wp","href":"https:\/\/api.w.org\/{rel}","templated":true}]}}