{"id":8383,"date":"2025-12-15T13:28:17","date_gmt":"2025-12-15T13:28:17","guid":{"rendered":"https:\/\/ppcp.cz\/?page_id=8383"},"modified":"2025-12-15T13:28:18","modified_gmt":"2025-12-15T13:28:18","slug":"biennale-2026","status":"publish","type":"page","link":"https:\/\/ppcp.cz\/en\/biennale-2026\/","title":{"rendered":"Biennale 2026"},"content":{"rendered":"\n<h2 class=\"wp-block-heading\">BASIC INFORMATION<\/h2>\n\n\n<img decoding=\"async\" src=\"\/wp-content\/themes\/filatelie\/img\/separator-simple.svg\" alt=\"PPCP\" class=\"PageMain-separator\">\n\n\n<h4 class=\"no-bottom-margin wp-block-heading\">Name of the Exhibition:<\/h4>\n\n\n\n<p class=\"gold big no-top-margin\"><span style=\"color:#cfb16b\" class=\"has-inline-color\">Treasures of World Philately 3<\/span><\/p>\n\n\n\n<h4 class=\"no-bottom-margin wp-block-heading\">Venue:<\/h4>\n\n\n\n<p class=\"gold big no-top-margin\"><span style=\"color:#cfb16b\" class=\"has-inline-color\">Municipal House in Prague<\/span><\/p>\n\n\n\n<h4 class=\"no-bottom-margin wp-block-heading\">Dates:<\/h4>\n\n\n\n<p class=\"gold big no-top-margin\"><span style=\"color:#cfb16b\" class=\"has-inline-color\">28th August \u2013 6th September 2026<\/span><\/p>\n\n\n\n<h4 class=\"no-bottom-margin wp-block-heading\">Exhibitors:<\/h4>\n\n\n\n<p class=\"gold big no-top-margin is-style-gold\"><span style=\"color:#cfb16b\" class=\"has-inline-color\">Prestige Philately Club Prague<\/span><br>Vindobona<\/p>\n\n\n\n<p><\/p>\n\n\n\n<h4 class=\"no-bottom-margin wp-block-heading\">Partners:<\/h4>\n\n\n\n<p class=\"gold big no-top-margin is-style-gold\">Filatelie Fla\u0161ka<br><span style=\"color:#cfb16b\" class=\"has-inline-color\">Po\u0161tovn\u00ed muzeum<\/span><br>Po\u0161tov\u00e9 m\u00fazeum Bansk\u00e1 Bystrica<\/p>\n\n\n\n<h4 class=\"wp-block-heading\">Main visual:<\/h4>\n\n\n\n<figure class=\"wp-block-image size-large is-resized\"><a href=\"http:\/\/ppcp.cz\/wp-content\/uploads\/2025\/12\/PPCP-PSF3-Hlavni-visual-1x1m-EN.jpg\" target=\"_blank\" rel=\"noopener\"><img loading=\"lazy\" decoding=\"async\" src=\"http:\/\/ppcp.cz\/wp-content\/uploads\/2025\/12\/PPCP-PSF3-Hlavni-visual-1x1m-EN-1024x1024.jpg\" alt=\"\" class=\"wp-image-8385\" width=\"512\" height=\"512\" srcset=\"https:\/\/ppcp.cz\/wp-content\/uploads\/2025\/12\/PPCP-PSF3-Hlavni-visual-1x1m-EN-1024x1024.jpg 1024w, https:\/\/ppcp.cz\/wp-content\/uploads\/2025\/12\/PPCP-PSF3-Hlavni-visual-1x1m-EN-300x300.jpg 300w, https:\/\/ppcp.cz\/wp-content\/uploads\/2025\/12\/PPCP-PSF3-Hlavni-visual-1x1m-EN-150x150.jpg 150w, https:\/\/ppcp.cz\/wp-content\/uploads\/2025\/12\/PPCP-PSF3-Hlavni-visual-1x1m-EN-768x768.jpg 768w, https:\/\/ppcp.cz\/wp-content\/uploads\/2025\/12\/PPCP-PSF3-Hlavni-visual-1x1m-EN-180x180.jpg 180w, https:\/\/ppcp.cz\/wp-content\/uploads\/2025\/12\/PPCP-PSF3-Hlavni-visual-1x1m-EN.jpg 1500w\" sizes=\"auto, (max-width: 512px) 100vw, 512px\" \/><\/a><\/figure>\n\n\n\n<h4 class=\"wp-block-heading\">Advertisement:<\/h4>\n\n\n\n<figure class=\"wp-block-image size-large is-resized\"><a href=\"http:\/\/ppcp.cz\/wp-content\/uploads\/2025\/12\/PPCP-advert-A4-EN-2.jpg\" target=\"_blank\" rel=\"noopener\"><img decoding=\"async\" src=\"http:\/\/ppcp.cz\/wp-content\/uploads\/2025\/12\/PPCP-advert-A4-EN-2-724x1024.jpg\" alt=\"\" class=\"wp-image-8387\" width=\"512\" srcset=\"https:\/\/ppcp.cz\/wp-content\/uploads\/2025\/12\/PPCP-advert-A4-EN-2-724x1024.jpg 724w, https:\/\/ppcp.cz\/wp-content\/uploads\/2025\/12\/PPCP-advert-A4-EN-2-212x300.jpg 212w, https:\/\/ppcp.cz\/wp-content\/uploads\/2025\/12\/PPCP-advert-A4-EN-2-768x1086.jpg 768w, https:\/\/ppcp.cz\/wp-content\/uploads\/2025\/12\/PPCP-advert-A4-EN-2-1086x1536.jpg 1086w, https:\/\/ppcp.cz\/wp-content\/uploads\/2025\/12\/PPCP-advert-A4-EN-2-127x180.jpg 127w, https:\/\/ppcp.cz\/wp-content\/uploads\/2025\/12\/PPCP-advert-A4-EN-2.jpg 1240w\" sizes=\"(max-width: 724px) 100vw, 724px\" \/><\/a><\/figure>\n\n\n<div class=\"download-file\">\n    <a href=\"\/wp-content\/uploads\/2025\/12\/PPCP-advert-A4-EN-1.pdf\"><img decoding=\"async\" src=\"\/wp-content\/themes\/filatelie\/img\/file-icon.png\" alt=\"download file\" class=\"file-icon\"> Advert A4 PDF<\/a>\n<\/div>","protected":false},"excerpt":{"rendered":"<p>BASIC INFORMATION Name of the Exhibition: Treasures of World Philately 3 Venue: Municipal House in Prague Dates: 28th August \u2013 6th September 2026 Exhibitors: Prestige Philately Club PragueVindobona Partners: Filatelie Fla\u0161kaPo\u0161tovn\u00ed muzeumPo\u0161tov\u00e9 m\u00fazeum Bansk\u00e1 Bystrica Main visual: Advertisement:<\/p>\n","protected":false},"author":1,"featured_media":0,"parent":0,"menu_order":0,"comment_status":"closed","ping_status":"closed","template":"","meta":{"footnotes":""},"class_list":["post-8383","page","type-page","status-publish","hentry"],"_links":{"self":[{"href":"https:\/\/ppcp.cz\/en\/wp-json\/wp\/v2\/pages\/8383","targetHints":{"allow":["GET"]}}],"collection":[{"href":"https:\/\/ppcp.cz\/en\/wp-json\/wp\/v2\/pages"}],"about":[{"href":"https:\/\/ppcp.cz\/en\/wp-json\/wp\/v2\/types\/page"}],"author":[{"embeddable":true,"href":"https:\/\/ppcp.cz\/en\/wp-json\/wp\/v2\/users\/1"}],"replies":[{"embeddable":true,"href":"https:\/\/ppcp.cz\/en\/wp-json\/wp\/v2\/comments?post=8383"}],"version-history":[{"count":1,"href":"https:\/\/ppcp.cz\/en\/wp-json\/wp\/v2\/pages\/8383\/revisions"}],"predecessor-version":[{"id":8390,"href":"https:\/\/ppcp.cz\/en\/wp-json\/wp\/v2\/pages\/8383\/revisions\/8390"}],"wp:attachment":[{"href":"https:\/\/ppcp.cz\/en\/wp-json\/wp\/v2\/media?parent=8383"}],"curies":[{"name":"wp","href":"https:\/\/api.w.org\/{rel}","templated":true}]}}