{"id":8492,"date":"2026-03-24T11:23:02","date_gmt":"2026-03-24T11:23:02","guid":{"rendered":"https:\/\/ppcp.cz\/?page_id=8492"},"modified":"2026-03-24T12:57:56","modified_gmt":"2026-03-24T12:57:56","slug":"nitra-2021","status":"publish","type":"page","link":"https:\/\/ppcp.cz\/en\/nitra-2021\/","title":{"rendered":"Nitra 2021"},"content":{"rendered":"\n<figure class=\"wp-block-image size-full is-resized\"><img loading=\"lazy\" decoding=\"async\" width=\"1000\" height=\"602\" src=\"http:\/\/ppcp.cz\/wp-content\/uploads\/2026\/03\/Divadlo-Andreja-Bagara.jpg\" alt=\"\" class=\"wp-image-8496\" style=\"aspect-ratio:1.6611186651531895;width:671px;height:auto\" srcset=\"https:\/\/ppcp.cz\/wp-content\/uploads\/2026\/03\/Divadlo-Andreja-Bagara.jpg 1000w, https:\/\/ppcp.cz\/wp-content\/uploads\/2026\/03\/Divadlo-Andreja-Bagara-300x181.jpg 300w, https:\/\/ppcp.cz\/wp-content\/uploads\/2026\/03\/Divadlo-Andreja-Bagara-768x462.jpg 768w, https:\/\/ppcp.cz\/wp-content\/uploads\/2026\/03\/Divadlo-Andreja-Bagara-180x108.jpg 180w\" sizes=\"auto, (max-width: 1000px) 100vw, 1000px\" \/><\/figure>\n\n\n\n<h2 class=\"wp-block-heading\">National Philatelic Exhibition of Single-Frame Exhibits NITRA 2021<\/h2>\n\n\n\n<h2 class=\"wp-block-heading is-style-gold has-medium-font-size\"><strong>Andrej Bagar Theatre, Nitra<\/strong><\/h2>\n\n\n\n<p>September 16\u201319, 2021<\/p>\n\n\n<img decoding=\"async\" src=\"\/wp-content\/themes\/filatelie\/img\/separator-simple.svg\" alt=\"PPCP\" class=\"PageMain-separator\">\n\n\n<p class=\"is-style-gold\">Another successful representation of our club was the National Philatelic Exhibition of Single-Frame Exhibits <strong>NITRA 2021<\/strong> in Nitra, attended by several prominent personalities. The exhibition took place from September 16 to 19 at the Andrej Bagar Theatre and was one of the few events of its kind; in Central Europe, it was the very first to be held that year.<\/p>\n\n\n\n<p class=\"is-style-gold\">PRESTIGE PHILATELY CLUB PRAGUE presented five exhibits at the exhibition. Representing PPCP were Pavol Lazar, Tom\u00e1\u0161 M\u00e1dl, Peter Sever\u00edn, and Stanislav Havl\u00ed\u010dek. In addition to philatelic exhibits from Slovakia and the Czech Republic, visitors to this important exhibition could also view very interesting collections from Serbia.<\/p>\n\n\n\n<p><\/p>\n","protected":false},"excerpt":{"rendered":"<p>National Philatelic Exhibition of Single-Frame Exhibits NITRA 2021 Andrej Bagar Theatre, Nitra September 16\u201319, 2021 Another successful representation of our club was the National Philatelic Exhibition of Single-Frame Exhibits NITRA 2021 in Nitra, attended by several prominent personalities. The exhibition took place from September 16 to 19 at the Andrej Bagar Theatre and was one [&hellip;]<\/p>\n","protected":false},"author":2,"featured_media":0,"parent":0,"menu_order":0,"comment_status":"closed","ping_status":"closed","template":"","meta":{"footnotes":""},"class_list":["post-8492","page","type-page","status-publish","hentry"],"_links":{"self":[{"href":"https:\/\/ppcp.cz\/en\/wp-json\/wp\/v2\/pages\/8492","targetHints":{"allow":["GET"]}}],"collection":[{"href":"https:\/\/ppcp.cz\/en\/wp-json\/wp\/v2\/pages"}],"about":[{"href":"https:\/\/ppcp.cz\/en\/wp-json\/wp\/v2\/types\/page"}],"author":[{"embeddable":true,"href":"https:\/\/ppcp.cz\/en\/wp-json\/wp\/v2\/users\/2"}],"replies":[{"embeddable":true,"href":"https:\/\/ppcp.cz\/en\/wp-json\/wp\/v2\/comments?post=8492"}],"version-history":[{"count":10,"href":"https:\/\/ppcp.cz\/en\/wp-json\/wp\/v2\/pages\/8492\/revisions"}],"predecessor-version":[{"id":8612,"href":"https:\/\/ppcp.cz\/en\/wp-json\/wp\/v2\/pages\/8492\/revisions\/8612"}],"wp:attachment":[{"href":"https:\/\/ppcp.cz\/en\/wp-json\/wp\/v2\/media?parent=8492"}],"curies":[{"name":"wp","href":"https:\/\/api.w.org\/{rel}","templated":true}]}}