{"id":8533,"date":"2026-03-24T13:05:55","date_gmt":"2026-03-24T13:05:55","guid":{"rendered":"https:\/\/ppcp.cz\/?page_id=8533"},"modified":"2026-03-24T13:08:07","modified_gmt":"2026-03-24T13:08:07","slug":"helvetia-2022","status":"publish","type":"page","link":"https:\/\/ppcp.cz\/en\/helvetia-2022\/","title":{"rendered":"Helvetia 2022"},"content":{"rendered":"\n<figure class=\"wp-block-image size-full is-resized\"><img loading=\"lazy\" decoding=\"async\" width=\"1000\" height=\"664\" src=\"http:\/\/ppcp.cz\/wp-content\/uploads\/2026\/03\/2022-minr-2796-bl-82-svycarsko-mezinarodni-vystav.jpg\" alt=\"\" class=\"wp-image-8535\" style=\"aspect-ratio:1.5060061067255506;width:693px;height:auto\" srcset=\"https:\/\/ppcp.cz\/wp-content\/uploads\/2026\/03\/2022-minr-2796-bl-82-svycarsko-mezinarodni-vystav.jpg 1000w, https:\/\/ppcp.cz\/wp-content\/uploads\/2026\/03\/2022-minr-2796-bl-82-svycarsko-mezinarodni-vystav-300x199.jpg 300w, https:\/\/ppcp.cz\/wp-content\/uploads\/2026\/03\/2022-minr-2796-bl-82-svycarsko-mezinarodni-vystav-768x510.jpg 768w, https:\/\/ppcp.cz\/wp-content\/uploads\/2026\/03\/2022-minr-2796-bl-82-svycarsko-mezinarodni-vystav-180x120.jpg 180w\" sizes=\"auto, (max-width: 1000px) 100vw, 1000px\" \/><\/figure>\n\n\n\n<h2 class=\"wp-block-heading\">Helvetia 2022<\/h2>\n\n\n\n<h2 class=\"wp-block-heading is-style-gold-0-mb\">World Exhibition Helvetia 2022, Lugano<\/h2>\n\n\n\n<p>May 18\u201322, 2022<\/p>\n\n\n<img decoding=\"async\" src=\"\/wp-content\/themes\/filatelie\/img\/separator-simple.svg\" alt=\"PPCP\" class=\"PageMain-separator\">\n\n\n<p class=\"is-style-gold\">From May 18 to May 22, 2022, the Helvetia 2022 World Exhibition was held in Lugano, Switzerland. The exhibition was organized to commemorate the 160th anniversary of the issuance of the Sitting Helvetia stamp, which was the first perforated stamp of Switzerland. The president of PPCP, Tom\u00e1\u0161 M\u00e1dl, exhibited in the competitive class with the Biennale 2020 catalogue, which was awarded a large vermeil medal, and V\u00edt Van\u00ed\u010dek exhibited in the Championship class. The competitive exhibition classes included traditional philately, postal history, postal stationery, aero-philately, thematic philately, literature, and one-frame exhibits. The total capacity of the competitive part of the exhibition was nearly 2,000 frames.<\/p>\n\n\n\n<p class=\"is-style-gold\">The Prestige Philatelic Club had the opportunity to present eleven rare contextual exhibits in the non-competitive section, which attracted great interest among visitors. These exhibits included:<\/p>\n\n\n\n<p class=\"is-style-gold\">Petr Pflanzer Fla\u0161ka, Marek Vrba: Endless Waiting<br>Jaroslav Han\u00e1k: Inverted Ship<br>Stanislav Havl\u00ed\u010dek: The First Postcard in the World \u2013 Its First Day in Use<br>Ji\u0159\u00ed Kraus: Major Antarctic Discoveries and the Earliest Known Concessionary Letter from the Falkland Island<br>Pavol Lazar, Tom\u00e1\u0161 M\u00e1dl, Friedrich Winter: The First Stamp Issue of the Austrian Empire 1850<br>Zden\u011bk Mat\u011bjovsk\u00fd: Czechoslovak First Stamp Rarities<br>Tom\u00e1\u0161 M\u00e1dl: Unique Block of Nine 20 F Magyar Posta with P\u010c 1919 Overprint<br>Radoslav M\u00ed\u0161ek: 370 Shades of Red<br>Pavel Mo\u0161ner, Postal Museum, Zden\u011bk Fil\u00edpek: Three Red Mercuries \u2013 Three World Rarities in Czech Collections<br>Petr Valo\u0161ek: The Most Significant Queen Elizabeth II Era Rarity<br>Peter Va\u0148uga: Blue Trinacria<\/p>\n\n\n\n<p class=\"is-style-gold\">Through its participation, the Prestige Philatelic Club successfully promoted its activities on the international stage and also highlighted the upcoming European philatelic exhibition in Liberec, in which it will actively take part.<\/p>\n","protected":false},"excerpt":{"rendered":"<p>Helvetia 2022 World Exhibition Helvetia 2022, Lugano May 18\u201322, 2022 From May 18 to May 22, 2022, the Helvetia 2022 World Exhibition was held in Lugano, Switzerland. The exhibition was organized to commemorate the 160th anniversary of the issuance of the Sitting Helvetia stamp, which was the first perforated stamp of Switzerland. The president of [&hellip;]<\/p>\n","protected":false},"author":2,"featured_media":0,"parent":0,"menu_order":0,"comment_status":"closed","ping_status":"closed","template":"","meta":{"footnotes":""},"class_list":["post-8533","page","type-page","status-publish","hentry"],"_links":{"self":[{"href":"https:\/\/ppcp.cz\/en\/wp-json\/wp\/v2\/pages\/8533","targetHints":{"allow":["GET"]}}],"collection":[{"href":"https:\/\/ppcp.cz\/en\/wp-json\/wp\/v2\/pages"}],"about":[{"href":"https:\/\/ppcp.cz\/en\/wp-json\/wp\/v2\/types\/page"}],"author":[{"embeddable":true,"href":"https:\/\/ppcp.cz\/en\/wp-json\/wp\/v2\/users\/2"}],"replies":[{"embeddable":true,"href":"https:\/\/ppcp.cz\/en\/wp-json\/wp\/v2\/comments?post=8533"}],"version-history":[{"count":6,"href":"https:\/\/ppcp.cz\/en\/wp-json\/wp\/v2\/pages\/8533\/revisions"}],"predecessor-version":[{"id":8623,"href":"https:\/\/ppcp.cz\/en\/wp-json\/wp\/v2\/pages\/8533\/revisions\/8623"}],"wp:attachment":[{"href":"https:\/\/ppcp.cz\/en\/wp-json\/wp\/v2\/media?parent=8533"}],"curies":[{"name":"wp","href":"https:\/\/api.w.org\/{rel}","templated":true}]}}